{"id":554,"date":"2016-06-17T08:51:42","date_gmt":"2016-06-17T08:51:42","guid":{"rendered":"http:\/\/karate-blog.net\/info\/dup-abc-des-echauffements\/"},"modified":"2019-05-11T15:16:37","modified_gmt":"2019-05-11T15:16:37","slug":"guide-passage-de-grade","status":"publish","type":"page","link":"https:\/\/karate-blog.net\/info\/guide-passage-de-grade\/","title":{"rendered":"Guide des passages de grade"},"content":{"rendered":"","protected":false},"excerpt":{"rendered":"","protected":false},"author":4,"featured_media":0,"parent":0,"menu_order":0,"comment_status":"closed","ping_status":"closed","template":"","meta":{"footnotes":""},"class_list":["post-554","page","type-page","status-publish","hentry"],"yoast_head":"<!-- This site is optimized with the Yoast SEO plugin v27.3 - https:\/\/yoast.com\/product\/yoast-seo-wordpress\/ -->\n<title>Guide des passages de grade en karate - Karate-blog.net<\/title>\n<meta name=\"description\" content=\"T\u00e9l\u00e9charger gratuitement votre ebook &quot; Le guide des passages de grade &quot; et d\u00e9couvrez les cl\u00e9s pour r\u00e9ussir \u00e0 obtenir votre ceinture sup\u00e9rieure !\" \/>\n<meta name=\"robots\" content=\"index, follow, max-snippet:-1, max-image-preview:large, max-video-preview:-1\" \/>\n<link rel=\"canonical\" href=\"https:\/\/karate-blog.net\/info\/guide-passage-de-grade\/\" \/>\n<meta property=\"og:locale\" content=\"fr_FR\" \/>\n<meta property=\"og:type\" content=\"article\" \/>\n<meta property=\"og:title\" content=\"Guide des passages de grade en karate - Karate-blog.net\" \/>\n<meta property=\"og:description\" content=\"T\u00e9l\u00e9charger gratuitement votre ebook &quot; Le guide des passages de grade &quot; et d\u00e9couvrez les cl\u00e9s pour r\u00e9ussir \u00e0 obtenir votre ceinture sup\u00e9rieure !\" \/>\n<meta property=\"og:url\" content=\"https:\/\/karate-blog.net\/info\/guide-passage-de-grade\/\" \/>\n<meta property=\"og:site_name\" content=\"Karate-blog.net\" \/>\n<meta property=\"article:publisher\" content=\"https:\/\/www.facebook.com\/Karate.Blog.net\/\" \/>\n<meta property=\"article:modified_time\" content=\"2019-05-11T15:16:37+00:00\" \/>\n<meta property=\"og:image\" content=\"https:\/\/karate-blog.net\/info\/wp-content\/uploads\/passage-de-grade.png\" \/>\n<meta name=\"twitter:card\" content=\"summary_large_image\" \/>\n<meta name=\"twitter:site\" content=\"@brunobandelier\" \/>\n<meta name=\"twitter:label1\" content=\"Dur\u00e9e de lecture estim\u00e9e\" \/>\n\t<meta name=\"twitter:data1\" content=\"4 minutes\" \/>\n<script type=\"application\/ld+json\" class=\"yoast-schema-graph\">{\"@context\":\"https:\\\/\\\/schema.org\",\"@graph\":[{\"@type\":\"WebPage\",\"@id\":\"https:\\\/\\\/karate-blog.net\\\/info\\\/guide-passage-de-grade\\\/\",\"url\":\"https:\\\/\\\/karate-blog.net\\\/info\\\/guide-passage-de-grade\\\/\",\"name\":\"Guide des passages de grade en karate - Karate-blog.net\",\"isPartOf\":{\"@id\":\"https:\\\/\\\/karate-blog.net\\\/info\\\/#website\"},\"primaryImageOfPage\":{\"@id\":\"https:\\\/\\\/karate-blog.net\\\/info\\\/guide-passage-de-grade\\\/#primaryimage\"},\"image\":{\"@id\":\"https:\\\/\\\/karate-blog.net\\\/info\\\/guide-passage-de-grade\\\/#primaryimage\"},\"thumbnailUrl\":\"https:\\\/\\\/karate-blog.net\\\/info\\\/wp-content\\\/uploads\\\/passage-de-grade.png\",\"datePublished\":\"2016-06-17T08:51:42+00:00\",\"dateModified\":\"2019-05-11T15:16:37+00:00\",\"description\":\"T\u00e9l\u00e9charger gratuitement votre ebook \\\" Le guide des passages de grade \\\" et d\u00e9couvrez les cl\u00e9s pour r\u00e9ussir \u00e0 obtenir votre ceinture sup\u00e9rieure !\",\"breadcrumb\":{\"@id\":\"https:\\\/\\\/karate-blog.net\\\/info\\\/guide-passage-de-grade\\\/#breadcrumb\"},\"inLanguage\":\"fr-FR\",\"potentialAction\":[{\"@type\":\"ReadAction\",\"target\":[\"https:\\\/\\\/karate-blog.net\\\/info\\\/guide-passage-de-grade\\\/\"]}]},{\"@type\":\"ImageObject\",\"inLanguage\":\"fr-FR\",\"@id\":\"https:\\\/\\\/karate-blog.net\\\/info\\\/guide-passage-de-grade\\\/#primaryimage\",\"url\":\"https:\\\/\\\/karate-blog.net\\\/info\\\/wp-content\\\/uploads\\\/passage-de-grade.png\",\"contentUrl\":\"https:\\\/\\\/karate-blog.net\\\/info\\\/wp-content\\\/uploads\\\/passage-de-grade.png\"},{\"@type\":\"BreadcrumbList\",\"@id\":\"https:\\\/\\\/karate-blog.net\\\/info\\\/guide-passage-de-grade\\\/#breadcrumb\",\"itemListElement\":[{\"@type\":\"ListItem\",\"position\":1,\"name\":\"Accueil\",\"item\":\"https:\\\/\\\/karate-blog.net\\\/info\\\/\"},{\"@type\":\"ListItem\",\"position\":2,\"name\":\"Guide des passages de grade\"}]},{\"@type\":\"WebSite\",\"@id\":\"https:\\\/\\\/karate-blog.net\\\/info\\\/#website\",\"url\":\"https:\\\/\\\/karate-blog.net\\\/info\\\/\",\"name\":\"Karate-blog.net\",\"description\":\"le Karate Clair et Net\",\"potentialAction\":[{\"@type\":\"SearchAction\",\"target\":{\"@type\":\"EntryPoint\",\"urlTemplate\":\"https:\\\/\\\/karate-blog.net\\\/info\\\/?s={search_term_string}\"},\"query-input\":{\"@type\":\"PropertyValueSpecification\",\"valueRequired\":true,\"valueName\":\"search_term_string\"}}],\"inLanguage\":\"fr-FR\"}]}<\/script>\n<!-- \/ Yoast SEO plugin. -->","yoast_head_json":{"title":"Guide des passages de grade en karate - Karate-blog.net","description":"T\u00e9l\u00e9charger gratuitement votre ebook \" Le guide des passages de grade \" et d\u00e9couvrez les cl\u00e9s pour r\u00e9ussir \u00e0 obtenir votre ceinture sup\u00e9rieure !","robots":{"index":"index","follow":"follow","max-snippet":"max-snippet:-1","max-image-preview":"max-image-preview:large","max-video-preview":"max-video-preview:-1"},"canonical":"https:\/\/karate-blog.net\/info\/guide-passage-de-grade\/","og_locale":"fr_FR","og_type":"article","og_title":"Guide des passages de grade en karate - Karate-blog.net","og_description":"T\u00e9l\u00e9charger gratuitement votre ebook \" Le guide des passages de grade \" et d\u00e9couvrez les cl\u00e9s pour r\u00e9ussir \u00e0 obtenir votre ceinture sup\u00e9rieure !","og_url":"https:\/\/karate-blog.net\/info\/guide-passage-de-grade\/","og_site_name":"Karate-blog.net","article_publisher":"https:\/\/www.facebook.com\/Karate.Blog.net\/","article_modified_time":"2019-05-11T15:16:37+00:00","og_image":[{"url":"https:\/\/karate-blog.net\/info\/wp-content\/uploads\/passage-de-grade.png","type":"","width":"","height":""}],"twitter_card":"summary_large_image","twitter_site":"@brunobandelier","twitter_misc":{"Dur\u00e9e de lecture estim\u00e9e":"4 minutes"},"schema":{"@context":"https:\/\/schema.org","@graph":[{"@type":"WebPage","@id":"https:\/\/karate-blog.net\/info\/guide-passage-de-grade\/","url":"https:\/\/karate-blog.net\/info\/guide-passage-de-grade\/","name":"Guide des passages de grade en karate - Karate-blog.net","isPartOf":{"@id":"https:\/\/karate-blog.net\/info\/#website"},"primaryImageOfPage":{"@id":"https:\/\/karate-blog.net\/info\/guide-passage-de-grade\/#primaryimage"},"image":{"@id":"https:\/\/karate-blog.net\/info\/guide-passage-de-grade\/#primaryimage"},"thumbnailUrl":"https:\/\/karate-blog.net\/info\/wp-content\/uploads\/passage-de-grade.png","datePublished":"2016-06-17T08:51:42+00:00","dateModified":"2019-05-11T15:16:37+00:00","description":"T\u00e9l\u00e9charger gratuitement votre ebook \" Le guide des passages de grade \" et d\u00e9couvrez les cl\u00e9s pour r\u00e9ussir \u00e0 obtenir votre ceinture sup\u00e9rieure !","breadcrumb":{"@id":"https:\/\/karate-blog.net\/info\/guide-passage-de-grade\/#breadcrumb"},"inLanguage":"fr-FR","potentialAction":[{"@type":"ReadAction","target":["https:\/\/karate-blog.net\/info\/guide-passage-de-grade\/"]}]},{"@type":"ImageObject","inLanguage":"fr-FR","@id":"https:\/\/karate-blog.net\/info\/guide-passage-de-grade\/#primaryimage","url":"https:\/\/karate-blog.net\/info\/wp-content\/uploads\/passage-de-grade.png","contentUrl":"https:\/\/karate-blog.net\/info\/wp-content\/uploads\/passage-de-grade.png"},{"@type":"BreadcrumbList","@id":"https:\/\/karate-blog.net\/info\/guide-passage-de-grade\/#breadcrumb","itemListElement":[{"@type":"ListItem","position":1,"name":"Accueil","item":"https:\/\/karate-blog.net\/info\/"},{"@type":"ListItem","position":2,"name":"Guide des passages de grade"}]},{"@type":"WebSite","@id":"https:\/\/karate-blog.net\/info\/#website","url":"https:\/\/karate-blog.net\/info\/","name":"Karate-blog.net","description":"le Karate Clair et Net","potentialAction":[{"@type":"SearchAction","target":{"@type":"EntryPoint","urlTemplate":"https:\/\/karate-blog.net\/info\/?s={search_term_string}"},"query-input":{"@type":"PropertyValueSpecification","valueRequired":true,"valueName":"search_term_string"}}],"inLanguage":"fr-FR"}]}},"_links":{"self":[{"href":"https:\/\/karate-blog.net\/info\/wp-json\/wp\/v2\/pages\/554","targetHints":{"allow":["GET"]}}],"collection":[{"href":"https:\/\/karate-blog.net\/info\/wp-json\/wp\/v2\/pages"}],"about":[{"href":"https:\/\/karate-blog.net\/info\/wp-json\/wp\/v2\/types\/page"}],"author":[{"embeddable":true,"href":"https:\/\/karate-blog.net\/info\/wp-json\/wp\/v2\/users\/4"}],"replies":[{"embeddable":true,"href":"https:\/\/karate-blog.net\/info\/wp-json\/wp\/v2\/comments?post=554"}],"version-history":[{"count":0,"href":"https:\/\/karate-blog.net\/info\/wp-json\/wp\/v2\/pages\/554\/revisions"}],"wp:attachment":[{"href":"https:\/\/karate-blog.net\/info\/wp-json\/wp\/v2\/media?parent=554"}],"curies":[{"name":"wp","href":"https:\/\/api.w.org\/{rel}","templated":true}]}}